{"id":2,"date":"2025-08-05T06:12:21","date_gmt":"2025-08-05T06:12:21","guid":{"rendered":"https:\/\/perezdemunoz.rkinformatika.online\/?page_id=2"},"modified":"2025-12-18T09:16:44","modified_gmt":"2025-12-18T09:16:44","slug":"inicio","status":"publish","type":"page","link":"https:\/\/perezdemunoz.com\/en\/","title":{"rendered":"Home"},"content":{"rendered":"<div data-elementor-type=\"wp-page\" data-elementor-id=\"2\" class=\"elementor elementor-2\" data-elementor-post-type=\"page\">\n\t\t\t\t<div class=\"elementor-element elementor-element-3069be5 e-con-full e-flex e-con e-parent\" data-id=\"3069be5\" data-element_type=\"container\" data-e-type=\"container\" data-settings=\"{&quot;background_background&quot;:&quot;gradient&quot;}\">\n\t\t<div class=\"elementor-element elementor-element-c571c82 e-con-full e-flex e-con e-child\" data-id=\"c571c82\" data-element_type=\"container\" data-e-type=\"container\">\n\t\t\t\t<div class=\"elementor-element elementor-element-0f56255 elementor-widget__width-initial elementor-invisible elementor-widget elementor-widget-heading\" data-id=\"0f56255\" data-element_type=\"widget\" data-e-type=\"widget\" data-settings=\"{&quot;_animation&quot;:&quot;fadeIn&quot;,&quot;_animation_delay&quot;:100}\" data-widget_type=\"heading.default\">\n\t\t\t\t\t<h2 class=\"elementor-heading-title elementor-size-default\">If you've come this far, it's because you or someone close to you is facing a situation that requires legal support. <\/h2>\t\t\t\t<\/div>\n\t\t\t\t<div class=\"elementor-element elementor-element-d000311 elementor-widget__width-initial elementor-invisible elementor-widget elementor-widget-heading\" data-id=\"d000311\" data-element_type=\"widget\" data-e-type=\"widget\" data-settings=\"{&quot;_animation&quot;:&quot;fadeIn&quot;,&quot;_animation_delay&quot;:100}\" data-widget_type=\"heading.default\">\n\t\t\t\t\t<h2 class=\"elementor-heading-title elementor-size-default\">I'm here to help you face it with\n<br> knowledge, strategy, and commitment. <\/h2>\t\t\t\t<\/div>\n\t\t\t\t<\/div>\n\t\t<div class=\"elementor-element elementor-element-627c012 e-con-full e-flex e-con e-child\" data-id=\"627c012\" data-element_type=\"container\" data-e-type=\"container\">\n\t\t\t\t<div class=\"elementor-element elementor-element-1777a9f elementor-widget-divider--view-line elementor-widget elementor-widget-divider\" data-id=\"1777a9f\" data-element_type=\"widget\" data-e-type=\"widget\" data-widget_type=\"divider.default\">\n\t\t\t\t\t\t\t<div class=\"elementor-divider\">\n\t\t\t<span class=\"elementor-divider-separator\">\n\t\t\t\t\t\t<\/span>\n\t\t<\/div>\n\t\t\t\t\t\t<\/div>\n\t\t\t\t<\/div>\n\t\t<div class=\"elementor-element elementor-element-aa66c21 e-con-full e-flex e-con e-child\" data-id=\"aa66c21\" data-element_type=\"container\" data-e-type=\"container\">\n\t\t\t\t<div class=\"elementor-element elementor-element-117d7a5 elementor-widget__width-initial elementor-invisible elementor-widget elementor-widget-heading\" data-id=\"117d7a5\" data-element_type=\"widget\" data-e-type=\"widget\" data-settings=\"{&quot;_animation&quot;:&quot;fadeIn&quot;,&quot;_animation_delay&quot;:100}\" data-widget_type=\"heading.default\">\n\t\t\t\t\t<h2 class=\"elementor-heading-title elementor-size-default\">Rafael P\u00e9rez de Mu\u00f1oz - Specialist in Criminal and Penitentiary Law<\/h2>\t\t\t\t<\/div>\n\t\t\t\t<\/div>\n\t\t\t\t<\/div>\n\t\t\t\t<\/div>","protected":false},"excerpt":{"rendered":"<p>Si has llegado hasta aqu\u00ed, es porque t\u00fa o alguien cercano se enfrenta a una situaci\u00f3n que requiere apoyo legal. Estoy aqu\u00ed para ayudarte a afrontarla con conocimiento, estrategia y compromiso. Rafael P\u00e9rez de Mu\u00f1oz- Especialista en derecho Penal y Penitenciario<\/p>","protected":false},"author":1,"featured_media":0,"parent":0,"menu_order":0,"comment_status":"closed","ping_status":"closed","template":"elementor_canvas","meta":{"footnotes":""},"class_list":["post-2","page","type-page","status-publish","hentry"],"yoast_head":"<!-- This site is optimized with the Yoast SEO plugin v27.3 - https:\/\/yoast.com\/product\/yoast-seo-wordpress\/ -->\n<title>Inicio - P\u00e9rez de Mu\u00f1oz Abogados<\/title>\n<meta name=\"robots\" content=\"index, follow, max-snippet:-1, max-image-preview:large, max-video-preview:-1\" \/>\n<link rel=\"canonical\" href=\"https:\/\/perezdemunoz.com\/en\/\" \/>\n<meta property=\"og:locale\" content=\"en_US\" \/>\n<meta property=\"og:type\" content=\"article\" \/>\n<meta property=\"og:title\" content=\"Inicio - P\u00e9rez de Mu\u00f1oz Abogados\" \/>\n<meta property=\"og:description\" content=\"Si has llegado hasta aqu\u00ed, es porque t\u00fa o alguien cercano se enfrenta a una situaci\u00f3n que requiere apoyo legal. Estoy aqu\u00ed para ayudarte a afrontarla con conocimiento, estrategia y compromiso. Rafael P\u00e9rez de Mu\u00f1oz- Especialista en derecho Penal y Penitenciario\" \/>\n<meta property=\"og:url\" content=\"https:\/\/perezdemunoz.com\/en\/\" \/>\n<meta property=\"og:site_name\" content=\"P\u00e9rez de Mu\u00f1oz Abogados\" \/>\n<meta property=\"article:modified_time\" content=\"2025-12-18T09:16:44+00:00\" \/>\n<meta name=\"twitter:card\" content=\"summary_large_image\" \/>\n<meta name=\"twitter:label1\" content=\"Est. reading time\" \/>\n\t<meta name=\"twitter:data1\" content=\"1 minute\" \/>\n<script type=\"application\/ld+json\" class=\"yoast-schema-graph\">{\"@context\":\"https:\\\/\\\/schema.org\",\"@graph\":[{\"@type\":\"WebPage\",\"@id\":\"https:\\\/\\\/perezdemunoz.com\\\/\",\"url\":\"https:\\\/\\\/perezdemunoz.com\\\/\",\"name\":\"Inicio - P\u00e9rez de Mu\u00f1oz Abogados\",\"isPartOf\":{\"@id\":\"https:\\\/\\\/perezdemunoz.com\\\/#website\"},\"datePublished\":\"2025-08-05T06:12:21+00:00\",\"dateModified\":\"2025-12-18T09:16:44+00:00\",\"breadcrumb\":{\"@id\":\"https:\\\/\\\/perezdemunoz.com\\\/#breadcrumb\"},\"inLanguage\":\"en-US\",\"potentialAction\":[{\"@type\":\"ReadAction\",\"target\":[\"https:\\\/\\\/perezdemunoz.com\\\/\"]}]},{\"@type\":\"BreadcrumbList\",\"@id\":\"https:\\\/\\\/perezdemunoz.com\\\/#breadcrumb\",\"itemListElement\":[{\"@type\":\"ListItem\",\"position\":1,\"name\":\"Portada\",\"item\":\"https:\\\/\\\/perezdemunoz.com\\\/\"},{\"@type\":\"ListItem\",\"position\":2,\"name\":\"Inicio\"}]},{\"@type\":\"WebSite\",\"@id\":\"https:\\\/\\\/perezdemunoz.com\\\/#website\",\"url\":\"https:\\\/\\\/perezdemunoz.com\\\/\",\"name\":\"P\u00e9rez de Mu\u00f1oz Abogados\",\"description\":\" Especialistas en derecho penal y civil. \",\"publisher\":{\"@id\":\"https:\\\/\\\/perezdemunoz.com\\\/#organization\"},\"potentialAction\":[{\"@type\":\"SearchAction\",\"target\":{\"@type\":\"EntryPoint\",\"urlTemplate\":\"https:\\\/\\\/perezdemunoz.com\\\/?s={search_term_string}\"},\"query-input\":{\"@type\":\"PropertyValueSpecification\",\"valueRequired\":true,\"valueName\":\"search_term_string\"}}],\"inLanguage\":\"en-US\"},{\"@type\":\"Organization\",\"@id\":\"https:\\\/\\\/perezdemunoz.com\\\/#organization\",\"name\":\"P\u00e9rez de Mu\u00f1oz Abogados\",\"url\":\"https:\\\/\\\/perezdemunoz.com\\\/\",\"logo\":{\"@type\":\"ImageObject\",\"inLanguage\":\"en-US\",\"@id\":\"https:\\\/\\\/perezdemunoz.com\\\/#\\\/schema\\\/logo\\\/image\\\/\",\"url\":\"https:\\\/\\\/perezdemunoz.com\\\/wp-content\\\/uploads\\\/2025\\\/09\\\/cropped-Diseno-sin-titulo.png\",\"contentUrl\":\"https:\\\/\\\/perezdemunoz.com\\\/wp-content\\\/uploads\\\/2025\\\/09\\\/cropped-Diseno-sin-titulo.png\",\"width\":1600,\"height\":457,\"caption\":\"P\u00e9rez de Mu\u00f1oz Abogados\"},\"image\":{\"@id\":\"https:\\\/\\\/perezdemunoz.com\\\/#\\\/schema\\\/logo\\\/image\\\/\"}}]}<\/script>\n<!-- \/ Yoast SEO plugin. -->","yoast_head_json":{"title":"Inicio - P\u00e9rez de Mu\u00f1oz Abogados","robots":{"index":"index","follow":"follow","max-snippet":"max-snippet:-1","max-image-preview":"max-image-preview:large","max-video-preview":"max-video-preview:-1"},"canonical":"https:\/\/perezdemunoz.com\/en\/","og_locale":"en_US","og_type":"article","og_title":"Inicio - P\u00e9rez de Mu\u00f1oz Abogados","og_description":"Si has llegado hasta aqu\u00ed, es porque t\u00fa o alguien cercano se enfrenta a una situaci\u00f3n que requiere apoyo legal. Estoy aqu\u00ed para ayudarte a afrontarla con conocimiento, estrategia y compromiso. Rafael P\u00e9rez de Mu\u00f1oz- Especialista en derecho Penal y Penitenciario","og_url":"https:\/\/perezdemunoz.com\/en\/","og_site_name":"P\u00e9rez de Mu\u00f1oz Abogados","article_modified_time":"2025-12-18T09:16:44+00:00","twitter_card":"summary_large_image","twitter_misc":{"Est. reading time":"1 minute"},"schema":{"@context":"https:\/\/schema.org","@graph":[{"@type":"WebPage","@id":"https:\/\/perezdemunoz.com\/","url":"https:\/\/perezdemunoz.com\/","name":"Inicio - P\u00e9rez de Mu\u00f1oz Abogados","isPartOf":{"@id":"https:\/\/perezdemunoz.com\/#website"},"datePublished":"2025-08-05T06:12:21+00:00","dateModified":"2025-12-18T09:16:44+00:00","breadcrumb":{"@id":"https:\/\/perezdemunoz.com\/#breadcrumb"},"inLanguage":"en-US","potentialAction":[{"@type":"ReadAction","target":["https:\/\/perezdemunoz.com\/"]}]},{"@type":"BreadcrumbList","@id":"https:\/\/perezdemunoz.com\/#breadcrumb","itemListElement":[{"@type":"ListItem","position":1,"name":"Portada","item":"https:\/\/perezdemunoz.com\/"},{"@type":"ListItem","position":2,"name":"Inicio"}]},{"@type":"WebSite","@id":"https:\/\/perezdemunoz.com\/#website","url":"https:\/\/perezdemunoz.com\/","name":"P\u00e9rez de Mu\u00f1oz Abogados","description":"Especialistas en derecho penal y civil.","publisher":{"@id":"https:\/\/perezdemunoz.com\/#organization"},"potentialAction":[{"@type":"SearchAction","target":{"@type":"EntryPoint","urlTemplate":"https:\/\/perezdemunoz.com\/?s={search_term_string}"},"query-input":{"@type":"PropertyValueSpecification","valueRequired":true,"valueName":"search_term_string"}}],"inLanguage":"en-US"},{"@type":"Organization","@id":"https:\/\/perezdemunoz.com\/#organization","name":"P\u00e9rez de Mu\u00f1oz Abogados","url":"https:\/\/perezdemunoz.com\/","logo":{"@type":"ImageObject","inLanguage":"en-US","@id":"https:\/\/perezdemunoz.com\/#\/schema\/logo\/image\/","url":"https:\/\/perezdemunoz.com\/wp-content\/uploads\/2025\/09\/cropped-Diseno-sin-titulo.png","contentUrl":"https:\/\/perezdemunoz.com\/wp-content\/uploads\/2025\/09\/cropped-Diseno-sin-titulo.png","width":1600,"height":457,"caption":"P\u00e9rez de Mu\u00f1oz Abogados"},"image":{"@id":"https:\/\/perezdemunoz.com\/#\/schema\/logo\/image\/"}}]}},"_links":{"self":[{"href":"https:\/\/perezdemunoz.com\/en\/wp-json\/wp\/v2\/pages\/2","targetHints":{"allow":["GET"]}}],"collection":[{"href":"https:\/\/perezdemunoz.com\/en\/wp-json\/wp\/v2\/pages"}],"about":[{"href":"https:\/\/perezdemunoz.com\/en\/wp-json\/wp\/v2\/types\/page"}],"author":[{"embeddable":true,"href":"https:\/\/perezdemunoz.com\/en\/wp-json\/wp\/v2\/users\/1"}],"replies":[{"embeddable":true,"href":"https:\/\/perezdemunoz.com\/en\/wp-json\/wp\/v2\/comments?post=2"}],"version-history":[{"count":277,"href":"https:\/\/perezdemunoz.com\/en\/wp-json\/wp\/v2\/pages\/2\/revisions"}],"predecessor-version":[{"id":1079,"href":"https:\/\/perezdemunoz.com\/en\/wp-json\/wp\/v2\/pages\/2\/revisions\/1079"}],"wp:attachment":[{"href":"https:\/\/perezdemunoz.com\/en\/wp-json\/wp\/v2\/media?parent=2"}],"curies":[{"name":"wp","href":"https:\/\/api.w.org\/{rel}","templated":true}]}}